{"id":8,"date":"2025-07-16T12:09:16","date_gmt":"2025-07-16T12:09:16","guid":{"rendered":"https:\/\/wirverstehenwasvomhoeren.de\/?page_id=8"},"modified":"2025-07-16T13:28:56","modified_gmt":"2025-07-16T13:28:56","slug":"home","status":"publish","type":"page","link":"https:\/\/wirverstehenwasvomhoeren.de\/?page_id=8","title":{"rendered":"Home"},"content":{"rendered":"\t\t<div data-elementor-type=\"wp-page\" data-elementor-id=\"8\" class=\"elementor elementor-8\" data-elementor-post-type=\"page\">\n\t\t\t\t<div class=\"elementor-element elementor-element-fc5d633 e-flex e-con-boxed e-con e-parent\" data-id=\"fc5d633\" data-element_type=\"container\" data-settings=\"{&quot;background_background&quot;:&quot;classic&quot;}\">\n\t\t\t\t\t<div class=\"e-con-inner\">\n\t\t<div class=\"elementor-element elementor-element-12f15ec e-con-full e-flex e-con e-child\" data-id=\"12f15ec\" data-element_type=\"container\">\n\t\t\t\t<div class=\"elementor-element elementor-element-530d0ef elementor-widget elementor-widget-heading\" data-id=\"530d0ef\" data-element_type=\"widget\" data-widget_type=\"heading.default\">\n\t\t\t\t<div class=\"elementor-widget-container\">\n\t\t\t\t\t<h2 class=\"elementor-heading-title elementor-size-default\">Finde dein Inhabergef\u00fchrtes Gesch\u00e4ft in deiner N\u00e4he<\/h2>\t\t\t\t<\/div>\n\t\t\t\t<\/div>\n\t\t\t\t<\/div>\n\t\t<div class=\"elementor-element elementor-element-cfb55e4 e-con-full e-flex e-con e-child\" data-id=\"cfb55e4\" data-element_type=\"container\">\n\t\t\t\t<div class=\"elementor-element elementor-element-d8a0f83 elementor-widget elementor-widget-image\" data-id=\"d8a0f83\" data-element_type=\"widget\" data-widget_type=\"image.default\">\n\t\t\t\t<div class=\"elementor-widget-container\">\n\t\t\t\t\t\t\t\t\t\t\t\t\t\t\t<img fetchpriority=\"high\" decoding=\"async\" width=\"669\" height=\"446\" src=\"https:\/\/wirverstehenwasvomhoeren.de\/wp-content\/uploads\/2025\/07\/paargespraech_therapeut-669x446-1.jpg\" class=\"attachment-large size-large wp-image-15\" alt=\"\" srcset=\"https:\/\/wirverstehenwasvomhoeren.de\/wp-content\/uploads\/2025\/07\/paargespraech_therapeut-669x446-1.jpg 669w, https:\/\/wirverstehenwasvomhoeren.de\/wp-content\/uploads\/2025\/07\/paargespraech_therapeut-669x446-1-300x200.jpg 300w\" sizes=\"(max-width: 669px) 100vw, 669px\" \/>\t\t\t\t\t\t\t\t\t\t\t\t\t\t\t<\/div>\n\t\t\t\t<\/div>\n\t\t\t\t<\/div>\n\t\t\t\t\t<\/div>\n\t\t\t\t<\/div>\n\t\t<div class=\"elementor-element elementor-element-585d135 e-grid e-con-boxed e-con e-parent\" data-id=\"585d135\" data-element_type=\"container\" data-settings=\"{&quot;background_background&quot;:&quot;classic&quot;}\">\n\t\t\t\t\t<div class=\"e-con-inner\">\n\t\t<div class=\"elementor-element elementor-element-4fe63de e-con-full e-flex e-con e-child\" data-id=\"4fe63de\" data-element_type=\"container\">\n\t\t\t\t<\/div>\n\t\t<div class=\"elementor-element elementor-element-4a0690b e-con-full e-flex e-con e-child\" data-id=\"4a0690b\" data-element_type=\"container\">\n\t\t\t\t<\/div>\n\t\t\t\t\t<\/div>\n\t\t\t\t<\/div>\n\t\t\t\t<\/div>\n\t\t","protected":false},"excerpt":{"rendered":"<p>Finde dein Inhabergef\u00fchrtes Gesch\u00e4ft in deiner N\u00e4he<\/p>\n","protected":false},"author":2,"featured_media":0,"parent":0,"menu_order":0,"comment_status":"closed","ping_status":"closed","template":"elementor_header_footer","meta":{"footnotes":""},"class_list":["post-8","page","type-page","status-publish","hentry"],"_links":{"self":[{"href":"https:\/\/wirverstehenwasvomhoeren.de\/index.php?rest_route=\/wp\/v2\/pages\/8","targetHints":{"allow":["GET"]}}],"collection":[{"href":"https:\/\/wirverstehenwasvomhoeren.de\/index.php?rest_route=\/wp\/v2\/pages"}],"about":[{"href":"https:\/\/wirverstehenwasvomhoeren.de\/index.php?rest_route=\/wp\/v2\/types\/page"}],"author":[{"embeddable":true,"href":"https:\/\/wirverstehenwasvomhoeren.de\/index.php?rest_route=\/wp\/v2\/users\/2"}],"replies":[{"embeddable":true,"href":"https:\/\/wirverstehenwasvomhoeren.de\/index.php?rest_route=%2Fwp%2Fv2%2Fcomments&post=8"}],"version-history":[{"count":7,"href":"https:\/\/wirverstehenwasvomhoeren.de\/index.php?rest_route=\/wp\/v2\/pages\/8\/revisions"}],"predecessor-version":[{"id":18,"href":"https:\/\/wirverstehenwasvomhoeren.de\/index.php?rest_route=\/wp\/v2\/pages\/8\/revisions\/18"}],"wp:attachment":[{"href":"https:\/\/wirverstehenwasvomhoeren.de\/index.php?rest_route=%2Fwp%2Fv2%2Fmedia&parent=8"}],"curies":[{"name":"wp","href":"https:\/\/api.w.org\/{rel}","templated":true}]}}